{"id":2564,"date":"2014-04-23T13:04:26","date_gmt":"2014-04-23T10:04:26","guid":{"rendered":"https:\/\/eestijahinaised.ee\/en\/mittetulundusuhingu-eesti-jahinaised-pohikiri\/"},"modified":"2016-12-07T13:31:15","modified_gmt":"2016-12-07T11:31:15","slug":"foundation-principles-of-ngo-estonian-woman-hunters","status":"publish","type":"page","link":"https:\/\/eestijahinaised.ee\/en\/foundation-principles-of-ngo-estonian-woman-hunters\/","title":{"rendered":"Foundation principles of ngo estonian woman hunters"},"content":{"rendered":"<div class=\"row \">\n<div class=\"col-sm-6\">\n<p>Kinnitatud\u00a0\u00fcldkoosolekul 24.08.2015<\/p>\n<p><b>I \u00dcLDS\u00c4TTED<\/b><br \/>\n1.1 Mittetulundus\u00fching Eesti Jahinaised (edaspidi \u201e\u00dching\u201c) on avalikes huvides tegutsev organisatsioon, mille asukohaks on Eesti Vabariik, aadressiga Kadakamarja 22H-25, Saue, Harjumaa.<\/p>\n<p>1.2 Mittetulundus\u00fching Eesti Jahinaised on Eesti Vabariigis registreeritud ja tegutsev era\u00f5iguslik juriidiline isik. \u00dchingul on oma pangakonto ja s\u00fcmboolika.<br \/>\n1.3 \u00dchingu majandusaasta algab 1. jaanuaril ja l\u00f5ppeb 31.detsembril.<br \/>\n1.4 \u00dchingu liikmeteks saavad olla f\u00fc\u00fcsilistest isikutest jahinaised v\u00f5i jahinduse ja\/v\u00f5i keskkonnahariduse ja -hoiuga tegelevad juriidilised isikud.<\/p>\n<p><b>II \u00dcHINGU TEGEVUSE EESM\u00c4RGID<\/b><br \/>\n2.1 \u00dchingu eesm\u00e4rgiks on jahinduse, k\u00f5ige sellega seonduva, loodust hoidva ja keskkonna\u00ads\u00e4\u00e4stliku m\u00f5tteviisi propageerimine ning oskuste ja teadlikkuse taseme t\u00f5stmine antud valdkonnas erinevate koolituste, teabep\u00e4evade ja \u00fcrituste korraldamise kaudu.<\/p>\n<p>2.2 Eesm\u00e4rgi saavutamiseks kasutab \u00dching \u00a0j\u00e4rgmisi tegevusi:<br \/>\n2.2.1 keskkonnahariduslike ja\/v\u00f5i jahindusalaste koolituste korraldamine;<br \/>\n2.2.2 keskkonnahariduslike ja\/v\u00f5i jahindusalaste teabep\u00e4evade korraldamine;<br \/>\n2.2.3 keskkonnahariduslike ja\/v\u00f5i jahindusalaste \u00fcrituste korraldamine;<br \/>\n2.2.4 keskkonna kaitsmise ja keskkonnas\u00e4\u00e4stliku m\u00f5tteviisi (sh mahe ja \u00f6komajandus) teadvustamine \u00fchiskonnas ja samateemaliste koolituste ja teavitus\u00fcrituste korraldamine nii lastele kui t\u00e4iskasvanutele;<br \/>\n2.2.5 loodus- ja jahisaaduste v\u00e4\u00e4ristamine ja nende kasutamise propageerimine;<br \/>\n2.2.6 looduses viibimiseks ja kasutamiseks (sh jahindusalaseks kasutamiseks) sobivate v\u00f5i vastava temaatikaga toodete pakkumine v\u00f5i pakkumisv\u00f5imaluste leidmine ja vahendamine;<br \/>\n2.2.7 keskkonnaharidusliku ja\/v\u00f5i jahindusalase suunitlusega tr\u00fckiste koostamine ja avaldamine;<br \/>\n2.2.8 liikmete jahialaste teadmiste ja oskuste suurendamiseks vajalike \u00f5ppuste ja<br \/>\nteiste jahiseltside liikmetega kogemuste vahetamise organiseerimine;<br \/>\n2.2.9 turismi (sh jahiturismi) korraldamine ja organiseerimine;<br \/>\n2.2.10 liikmete abistamine jahirelvade, laskemoona, jahikoerte, -riiete ja muu varustuse hankimisel;<br \/>\n2.2.11 eesm\u00e4rgip\u00e4rase koost\u00f6\u00f6 organiseerimine teiste analoogsete \u00fchingute ja seltsidega (nii riigisiseselt kui v\u00e4lisriikides).<br \/>\n2.3 \u00dchingul on \u00f5igus p\u00f5hikirjaj\u00e4rgse tegevuse tagamiseks:<br \/>\n2.3.1 astuda lepingulistesse suhetesse juriidiliste ja f\u00fc\u00fcsiliste isikutega;<br \/>\n2.3.2 omandada, omada, \u00fc\u00fcrida ja rentida tegevuseks vajalikke seadmeid, transpordivahendeid, materjale, jahimaid, hooneid ja teisi rajatisi;<br \/>\n2.3.3 tegeleda majandus-, koolitus- ja muu tegevusega;<br \/>\n2.3.4 taotleda nii riiklike kui ka rahvusvaheliste toetajate ja fondide abi.<br \/>\n2.4 \u00dching v\u00f5ib vastavalt seadusele anda v\u00e4lja stipendiume.<br \/>\n<b><\/b><\/p>\n<p><b>I<\/b><b>II LIIKME<\/b><b>KS VASTUV\u00d5TMINE, V\u00c4LJAASTUMINE JA V\u00c4LJAARVAMINE<\/b><\/p>\n<p>3.1 \u00dchingu liikmeks v\u00f5ib olla iga punktis 1.4 nimetatud f\u00fc\u00fcsiline v\u00f5i juriidiline isik, kes on valmis kaasa l\u00f6\u00f6ma \u00dchingu eesm\u00e4rkide elluviimisel ning aktsepteerib p\u00f5hikirjalisi eesm\u00e4rke ja t\u00e4idab p\u00f5hikirja n\u00f5udeid.<\/p>\n<p>3.2 Liikmeks vastuv\u00f5tmist ja v\u00e4ljaarvamist korraldab \u00dchingu juhatus.<\/p>\n<p>3.3 \u00dchingu liikmeks saada sooviv f\u00fc\u00fcsiline isik esitab \u00dchingu juhatusele kirjaliku avalduse.<\/p>\n<p>Juriidiline isik peab esitama lisaks avaldusele ka B-kaardi v\u00e4ljav\u00f5tte, milles loetletud tegevusalad peavad sobima \u00dchingu p\u00f5hikirjaliste tegevuste ja eesm\u00e4rkidega.<\/p>\n<p>3.4 Juhatus v\u00f5ib teatud tingimustel teha vastuv\u00f5tmise korra n\u00f5uetes erandeid, kui olukord seda n\u00f5uab ja v\u00f5imaldab. Iga isiku puhul tehakse sellisel juhul personaalne otsus, mis kehtib ainult k\u00f5nealuse isiku suhtes.<\/p>\n<p>3.5 \u00dchingu liikmeks v\u00f5etakse vastu ainult juhatuse enamh\u00e4\u00e4lse poolt otsusega juhatuse koosolekul.<\/p>\n<p>3.6 \u00dchingu liikmed on kohustatud:<\/p>\n<p>3.6.1 t\u00e4itma Eesti Vabariigis kehtivaid jahipidamiseeskirju, k\u00e4esoleva p\u00f5hikirja ja kodukorra<\/p>\n<p>n\u00f5udeid, samuti \u00dchingu juhtimis- ja kontrollorganite otsuseid, j\u00e4rgima h\u00e4id k\u00e4itumistavasid, loodust s\u00e4\u00e4stvat m\u00f5tteviisi ja jahieetikat;<\/p>\n<p>3.6.2 tasuma jooksva aasta kehtestatud liikmemaksu 10 p\u00e4eva jooksul peale liikmeks vastuv\u00f5tmise otsuse teadasaamist (e-posti teel).<\/p>\n<p>3.7 Igal \u00dchingu liikmel on \u00f5igus \u00dchingust v\u00e4lja astuda, esitades selleks \u00dchingu juhatusele kirjalik avaldus.<\/p>\n<p>3.8 \u00dchingu liige v\u00f5idakse \u00dchingust juhatuse otsuse alusel v\u00e4lja arvata, sealjuures on liikme \u00dchingust v\u00e4ljaarvamiseks vajalik juhatuse \u00fcheh\u00e4\u00e4lne n\u00f5usolek.<\/p>\n<p>3.9 Juhatuse otsus liikme v\u00e4ljaarvamise kohta \u00dchingust on l\u00f5plik ega kuulu edasisele arutamisele\/vaidlustamisele.<\/p>\n<p>&nbsp;<\/p>\n<p><b>IV \u00dcHINGU VARA<\/b><\/p>\n<p>4.1 \u00dchingu omandis v\u00f5ib olla igasugune vara, mis on vajalik ja mida kasutatakse p\u00f5hikirjaliste eesm\u00e4rkide saavutamiseks ja mille omandamine ei ole vastuolus seadusega.<\/p>\n<p>4.2 \u00dchingu eesm\u00e4rgiks ei ole oma liikmetele ainelise tulu saamine.<\/p>\n<p>4.3 \u00dchingu varadeks on:<\/p>\n<p>4.3.1 \u00dchingu poolt soetatud kinnisvara ja selle juurde kuuluv \u00dchingu nimele kuuluv liikuv vara;<\/p>\n<p>4.3.2 liikmete poolt tasutud liikmemaksud;<\/p>\n<p>4.3.3 sponsorluse teel saadud vahendid;<\/p>\n<p>4.3.4 p\u00f5hikirjalistest eesm\u00e4rkidest tulenevate tasuliste \u00fcrituste korraldamisest laekunud tulu;<\/p>\n<p>4.3.5 p\u00f5hikirjaj\u00e4rgse tegevuse tagamiseks ja arendamiseks laekunud muu tulu.<\/p>\n<p>4.4 \u00dchingu liikme v\u00e4ljaastumisel v\u00f5i v\u00e4ljaarvamisel \u00dchingust tasutud liikmemaks tagastamisele ei kuulu.<\/p>\n<p>4.5 \u00dching vastutab oma varaliste kohustuste eest talle kuuluva varaga.<\/p>\n<\/div>\n<div class=\"col-sm-6\">\n<p><b>V JUHTIMINE<\/b><\/p>\n<p>5.1 \u00dchingu tegevuse juhtorganiteks on: \u00dchingu \u00fcldkoosolek ja \u00dchingu juhatus.<\/p>\n<p>5.2 \u00dchingu k\u00f5rgeimaks juhtorganiks on liikmete \u00fcldkoosolek vastavalt seadusele, kus v\u00f5ivad osaleda k\u00f5ik \u00dchingu liikmed.<\/p>\n<p><b>5.3 \u00dchingu \u00fcldkoosolek<\/b><\/p>\n<p>5.3.1 \u00dcldkoosolek on otsustusv\u00f5imeline s\u00f5ltumata kohal olevatest \u00dchingu liikmete arvust. H\u00e4\u00e4le\u00f5igust saab kirjalikult edasi volitada teisele \u00dchingu liikmele.<\/p>\n<p>5.3.2 \u00dchingu \u00fcldkoosoleku korraline koosolek kutsutakse juhatuse poolt kokku (v\u00e4hemalt) \u00fcks kord aastas.<\/p>\n<p>5.3.3 \u00dchingu \u00fcldkoosoleku p\u00e4devusse kuulub:<\/p>\n<p>5.3.3.1 p\u00f5hikirja muutmine;<\/p>\n<p>5.3.3.2 juhatuse liikmete m\u00e4\u00e4ramine ja tagasikutsumine;<\/p>\n<p>5.3.3.3 volinike valimine ja tagasikutsumine;<\/p>\n<p>5.3.3.4 majandusaasta aruande kinnitamine;<\/p>\n<p>5.3.3.5 \u00dchingu reorganiseerimise ja likvideerimise otsustamine;<\/p>\n<p>5.3.3.6 Liikmemaksu suuruse kinnitamine<\/p>\n<p>&nbsp;<\/p>\n<p><b>5.5 \u00dchingu juhatus<\/b><\/p>\n<p>5.5.1 \u00dchingu juhatus m\u00e4\u00e4ratakse viieks aastaks ja sinna v\u00f5ib kuuluda kuni viis liiget.<\/p>\n<p>5.5.2 Juhatuse valimine<\/p>\n<p>5.5.2.1 Juhatuse liikmeks v\u00f5ib kandideerida \u00dchingu liige, kellel on jooksva aasta liikmemaks \u00f5igeaegselt makstud ega oma varasemaid v\u00f5lgnevusi ning on aktiivne \u00dchingu tegevustes osaleja\/organiseerija.<\/p>\n<p>5.5.2.3 Juhatuse liikme kandidaate v\u00f5ib valimiseks\/h\u00e4\u00e4letamiseks esitada\/\u00fcles seada iga antud \u00fcldkoosolekul osalev \u00dchingu liige.<\/p>\n<p>5.5.2.4 Juhatuse liikmeks ei saa kandideerida \u00dchingu liige, kes:<\/p>\n<p>&#8211; kuulub v\u00f5i kandideerib EJS (Eesti Jahimeeste Seltsi) juhatusse;<\/p>\n<p>&#8211; kuulub m\u00f5nda teise jahinaiste \u00fchingusse\/seltsi juhatusse;<\/p>\n<p>&#8211; on eriarvamusel \u00dchingu p\u00f5hikirjaliste eesm\u00e4rkide ja tegevuste suhtes;<\/p>\n<p>5.5.2.5 Juhatuse liikmeks kandideerija peab soovituslikult osalema \u00fcldkoosolekul, kus tema valimine on p\u00e4evakorras. \u00a0Juhatuse liikmeks kandideerija peab andma n\u00f5usoleku kandideerimiseks.<\/p>\n<p>5.5.2.6 Juhatuse liikmed valitakse avaliku h\u00e4\u00e4letamise teel.<\/p>\n<p>5.5.2.7 Juhatuse liikmete valimistel osutuvad valituks kolm enim h\u00e4\u00e4li saanud kandidaati.<\/p>\n<p>5.5.2.8 V\u00f5rdsete h\u00e4\u00e4lte tulemuse korral, tehakse v\u00f5rdsele tulemusele j\u00e4\u00e4nud kandidaatide<\/p>\n<p>vahel kordusvalimine.<\/p>\n<p>5.5.2.10 V\u00e4hemalt 2\/3 juhatuse liikmete alaline elukoht peab olema Eesti Vabariik.<\/p>\n<p>5.5.2.11 \u00dchingule esimeest\/-naist ega \u00fchtki teist esindusfunktsiooni ega ametit peale juhatuse ei valita.<\/p>\n<p>5.5.3 \u00dchingu juhatus juhib \u00dchingu tegevust \u00fcldkoosolekute vahelistel perioodidel.<\/p>\n<p>5.5.4 Juhatuse koosolekud toimuvad vastavalt vajadusele ning juhatus on otsustusv\u00f5imeline, kui koosolekul osaleb \u00fcle poole liikmetest, otsuste vastuv\u00f5tmiseks on vaja 2\/3 h\u00e4\u00e4lteenamust.<\/p>\n<p>5.5.4.1 Juhatuse koosolekuid juhib \u00fcksk\u00f5ik milline juhatuse liige.<\/p>\n<p>5.5.4.2 Juhatuse koosoleku t\u00f6\u00f6 ja vastuv\u00f5etud otsused protokollitakse. Protokollib juhatuse liikmete poolt valitud protokollija.<\/p>\n<p>5.5.4.3 Koosoleku protokollile kirjutavad alla koosoleku juhataja ja protokollija.<\/p>\n<p>5.5.5 Juhatuse p\u00e4devusse kuulub:<\/p>\n<p>5.5.5.1 \u00fcldkoosoleku ja volinike koosoleku kokkukutsumine;<\/p>\n<p>5.5.5.2 \u00fcldkoosoleku ja volinike koosoleku otsuste t\u00e4itmise tagamine;<\/p>\n<p>5.5.5.3 \u00dchingu p\u00f5hikirjaj\u00e4rgse tegevuse korraldamiseks s\u00f5lmitavate lepingute allkirjastamine \u00dchingu kinnisasjade v\u00f5i registrisse kantud vallasasjade v\u00f5\u00f5randamine v\u00f5i asja\u00f5igusega koormamine;<\/p>\n<p>5.5.5.6 liikmeks vastuv\u00f5tmise, v\u00e4ljaastumise ja v\u00e4ljaarvamise k\u00fcsimuste lahendamine;<\/p>\n<p>5.5.5.7 liikmemaksu tasumise t\u00e4htaja m\u00e4\u00e4ramine;<\/p>\n<p>5.5.5.8 liikmetele \u00fchis\u00fcrituste kavade ja l\u00e4biviimise korra kindlaksm\u00e4\u00e4ramine;<\/p>\n<p>5.5.5.9 \u00dchingu p\u00f5hikirjaj\u00e4rgses tegevuses EV seadusandlusega etten\u00e4htud n\u00f5uete, k\u00e4esoleva p\u00f5hikirja ja s\u00f5lmitud lepingute t\u00e4itmise tagamine;<\/p>\n<p>5.5.5.10 \u00dchingu liikmete heade k\u00e4itumistavade, kodukorra ja \u00dchingu tegevusest tulenevate v\u00f5i vajalike teiste dokumentide koostamine.<\/p>\n<p>5.5.6 Juhatuse liikme tagasi astumine, tagasikutsumine<\/p>\n<p>5.5.6.1 Iga juhatuse liige v\u00f5ib tagasi astuda mistahes ajal, esitades selleks \u00fcldkoosolekule kirjalik avaldus.<\/p>\n<p>&nbsp;<\/p>\n<p><b>V<\/b><b>I <\/b><b>\u00dcHINGU L\u00d5PETAMINE JA VARA JAOTUS <\/b><\/p>\n<p>6.1 \u00dching l\u00f5petatakse vastavalt seaduses etten\u00e4htud korrale, kui \u00dchingu l\u00f5petamisotsus on tehtud \u00fcldkoosoleku raames.<\/p>\n<p>6.2 \u00dchingu l\u00f5petamisel toimub selle likvideerimine.<\/p>\n<p>6.3 Likvideerijateks on juhatuse liikmed.<\/p>\n<p>6.4 P\u00e4rast v\u00f5lausaldajate k\u00f5igi n\u00f5uete rahuldamist v\u00f5i tagamist ja raha hoiustamist jaotatakse allesj\u00e4\u00e4nud vara v\u00f5rdsetes osades \u00dchingu l\u00f5petamise ajal selle liikmeteks olnud isikute vahel.<\/p>\n<h3><\/h3>\n<\/div>\n<\/div>\n","protected":false},"excerpt":{"rendered":"","protected":false},"author":1,"featured_media":0,"parent":0,"menu_order":0,"comment_status":"closed","ping_status":"open","template":"","meta":{"_acf_changed":false,"ngg_post_thumbnail":0,"footnotes":""},"class_list":["post-2564","page","type-page","status-publish","hentry"],"acf":[],"yoast_head":"<!-- This site is optimized with the Yoast SEO plugin v26.9 - https:\/\/yoast.com\/product\/yoast-seo-wordpress\/ -->\n<title>Foundation principles of ngo estonian woman hunters - Jahinaised<\/title>\n<meta name=\"robots\" content=\"index, follow, max-snippet:-1, max-image-preview:large, max-video-preview:-1\" \/>\n<link rel=\"canonical\" href=\"https:\/\/eestijahinaised.ee\/en\/foundation-principles-of-ngo-estonian-woman-hunters\/\" \/>\n<meta property=\"og:locale\" content=\"en_US\" \/>\n<meta property=\"og:type\" content=\"article\" \/>\n<meta property=\"og:title\" content=\"Foundation principles of ngo estonian woman hunters - Jahinaised\" \/>\n<meta property=\"og:url\" content=\"https:\/\/eestijahinaised.ee\/en\/foundation-principles-of-ngo-estonian-woman-hunters\/\" \/>\n<meta property=\"og:site_name\" content=\"Jahinaised\" \/>\n<meta property=\"article:publisher\" content=\"https:\/\/www.facebook.com\/mtueestijahinaised\/\" \/>\n<meta property=\"article:modified_time\" content=\"2016-12-07T11:31:15+00:00\" \/>\n<meta name=\"twitter:card\" content=\"summary_large_image\" \/>\n<script type=\"application\/ld+json\" class=\"yoast-schema-graph\">{\"@context\":\"https:\/\/schema.org\",\"@graph\":[{\"@type\":\"WebPage\",\"@id\":\"https:\/\/eestijahinaised.ee\/en\/foundation-principles-of-ngo-estonian-woman-hunters\/\",\"url\":\"https:\/\/eestijahinaised.ee\/en\/foundation-principles-of-ngo-estonian-woman-hunters\/\",\"name\":\"Foundation principles of ngo estonian woman hunters - Jahinaised\",\"isPartOf\":{\"@id\":\"https:\/\/eestijahinaised.ee\/#website\"},\"datePublished\":\"2014-04-23T10:04:26+00:00\",\"dateModified\":\"2016-12-07T11:31:15+00:00\",\"breadcrumb\":{\"@id\":\"https:\/\/eestijahinaised.ee\/en\/foundation-principles-of-ngo-estonian-woman-hunters\/#breadcrumb\"},\"inLanguage\":\"en-US\",\"potentialAction\":[{\"@type\":\"ReadAction\",\"target\":[\"https:\/\/eestijahinaised.ee\/en\/foundation-principles-of-ngo-estonian-woman-hunters\/\"]}]},{\"@type\":\"BreadcrumbList\",\"@id\":\"https:\/\/eestijahinaised.ee\/en\/foundation-principles-of-ngo-estonian-woman-hunters\/#breadcrumb\",\"itemListElement\":[{\"@type\":\"ListItem\",\"position\":1,\"name\":\"Home\",\"item\":\"https:\/\/eestijahinaised.ee\/\"},{\"@type\":\"ListItem\",\"position\":2,\"name\":\"Foundation principles of ngo estonian woman hunters\"}]},{\"@type\":\"WebSite\",\"@id\":\"https:\/\/eestijahinaised.ee\/#website\",\"url\":\"https:\/\/eestijahinaised.ee\/\",\"name\":\"Jahinaised\",\"description\":\"\",\"potentialAction\":[{\"@type\":\"SearchAction\",\"target\":{\"@type\":\"EntryPoint\",\"urlTemplate\":\"https:\/\/eestijahinaised.ee\/?s={search_term_string}\"},\"query-input\":{\"@type\":\"PropertyValueSpecification\",\"valueRequired\":true,\"valueName\":\"search_term_string\"}}],\"inLanguage\":\"en-US\"}]}<\/script>\n<!-- \/ Yoast SEO plugin. -->","yoast_head_json":{"title":"Foundation principles of ngo estonian woman hunters - Jahinaised","robots":{"index":"index","follow":"follow","max-snippet":"max-snippet:-1","max-image-preview":"max-image-preview:large","max-video-preview":"max-video-preview:-1"},"canonical":"https:\/\/eestijahinaised.ee\/en\/foundation-principles-of-ngo-estonian-woman-hunters\/","og_locale":"en_US","og_type":"article","og_title":"Foundation principles of ngo estonian woman hunters - Jahinaised","og_url":"https:\/\/eestijahinaised.ee\/en\/foundation-principles-of-ngo-estonian-woman-hunters\/","og_site_name":"Jahinaised","article_publisher":"https:\/\/www.facebook.com\/mtueestijahinaised\/","article_modified_time":"2016-12-07T11:31:15+00:00","twitter_card":"summary_large_image","schema":{"@context":"https:\/\/schema.org","@graph":[{"@type":"WebPage","@id":"https:\/\/eestijahinaised.ee\/en\/foundation-principles-of-ngo-estonian-woman-hunters\/","url":"https:\/\/eestijahinaised.ee\/en\/foundation-principles-of-ngo-estonian-woman-hunters\/","name":"Foundation principles of ngo estonian woman hunters - Jahinaised","isPartOf":{"@id":"https:\/\/eestijahinaised.ee\/#website"},"datePublished":"2014-04-23T10:04:26+00:00","dateModified":"2016-12-07T11:31:15+00:00","breadcrumb":{"@id":"https:\/\/eestijahinaised.ee\/en\/foundation-principles-of-ngo-estonian-woman-hunters\/#breadcrumb"},"inLanguage":"en-US","potentialAction":[{"@type":"ReadAction","target":["https:\/\/eestijahinaised.ee\/en\/foundation-principles-of-ngo-estonian-woman-hunters\/"]}]},{"@type":"BreadcrumbList","@id":"https:\/\/eestijahinaised.ee\/en\/foundation-principles-of-ngo-estonian-woman-hunters\/#breadcrumb","itemListElement":[{"@type":"ListItem","position":1,"name":"Home","item":"https:\/\/eestijahinaised.ee\/"},{"@type":"ListItem","position":2,"name":"Foundation principles of ngo estonian woman hunters"}]},{"@type":"WebSite","@id":"https:\/\/eestijahinaised.ee\/#website","url":"https:\/\/eestijahinaised.ee\/","name":"Jahinaised","description":"","potentialAction":[{"@type":"SearchAction","target":{"@type":"EntryPoint","urlTemplate":"https:\/\/eestijahinaised.ee\/?s={search_term_string}"},"query-input":{"@type":"PropertyValueSpecification","valueRequired":true,"valueName":"search_term_string"}}],"inLanguage":"en-US"}]}},"_links":{"self":[{"href":"https:\/\/eestijahinaised.ee\/en\/wp-json\/wp\/v2\/pages\/2564","targetHints":{"allow":["GET"]}}],"collection":[{"href":"https:\/\/eestijahinaised.ee\/en\/wp-json\/wp\/v2\/pages"}],"about":[{"href":"https:\/\/eestijahinaised.ee\/en\/wp-json\/wp\/v2\/types\/page"}],"author":[{"embeddable":true,"href":"https:\/\/eestijahinaised.ee\/en\/wp-json\/wp\/v2\/users\/1"}],"replies":[{"embeddable":true,"href":"https:\/\/eestijahinaised.ee\/en\/wp-json\/wp\/v2\/comments?post=2564"}],"version-history":[{"count":1,"href":"https:\/\/eestijahinaised.ee\/en\/wp-json\/wp\/v2\/pages\/2564\/revisions"}],"predecessor-version":[{"id":2565,"href":"https:\/\/eestijahinaised.ee\/en\/wp-json\/wp\/v2\/pages\/2564\/revisions\/2565"}],"wp:attachment":[{"href":"https:\/\/eestijahinaised.ee\/en\/wp-json\/wp\/v2\/media?parent=2564"}],"curies":[{"name":"wp","href":"https:\/\/api.w.org\/{rel}","templated":true}]}}