{"id":2562,"date":"2014-04-23T13:04:06","date_gmt":"2014-04-23T10:04:06","guid":{"rendered":"https:\/\/eestijahinaised.ee\/en\/juhatus\/"},"modified":"2018-01-11T21:52:30","modified_gmt":"2018-01-11T19:52:30","slug":"board","status":"publish","type":"page","link":"https:\/\/eestijahinaised.ee\/en\/board\/","title":{"rendered":"Board"},"content":{"rendered":"<div class=\"col-sm-3 \">\n<p><strong>Nimi:<\/strong> Maria P\u00f5hako<\/p>\n<p><strong>Haridus: <\/strong>keskharidus, l\u00f5petamisel TT\u00dc keemia- ja keskkonnakaitse tehnoloogia<\/p>\n<p><strong>Keeled: <\/strong>eesti, vene, inglise<\/p>\n<p><strong>Hobid:<\/strong> laskesport, capoeira, matkamine, reisimine, joonistamine ja maalimine, jahindus ja metsandus, viisist m\u00f6\u00f6da laulmine<\/p>\n<p><strong>Seos jahindusega: <\/strong>&nbsp;Isa on v\u00e4iksest peale meid \u00f5dedega metsa viinud, k\u00fcll appi t\u00f6\u00f6d tegema, k\u00fcll \u00f5ppimise eesm\u00e4rgil. Huvi jahinduse vastu tekkis p\u00f5hikooli l\u00f5pus, kui onu kutsus ajujahti kaasa. Jaht meeldis kohe esimesest k\u00e4igust.<\/p>\n<p>Jahitunnistus alates 2013, relvaluba alates 2013.<\/p>\n<p>L\u00e4bitud sanitaar- ja h\u00fcgieenikoolitus jahimeestele 2015 a.<\/p>\n<p>Lihula Jahiseltsi liige alates al. 2013<br \/>\nMT\u00dc Eesti Jahinaised liige al. 2014, juhatuse liige al. sept 2015<\/p>\n<\/div>\n<div class=\"col-sm-3 \">\n<p><strong>Nimi:<\/strong>&nbsp;K\u00fclliki Kiiver<\/p>\n<p><strong>Haridus: <\/strong>k\u00f5rgharidus<\/p>\n<p>Tartu \u00dclikool: kraad <i>magister iuris<\/i><br \/>\nTeadusmagistrit\u00f6\u00f6 &#8220;Kohalike omavalitsuste reformikavad ja reformid (1918-1939)&#8221;.<br \/>\n\u00d5igusinstituut: kraad <i>baccalaureus artium<\/i><br \/>\nBak.t\u00f6\u00f6: \u201eRae valla p\u00f5him\u00e4\u00e4ruse vastavusest p\u00f5hiseadusele ja seadusele\u201c.<\/p>\n<p><strong>Keeled: <\/strong>eesti, vene, inglise<\/p>\n<p><strong>Hobid: <\/strong>tervise- ja laskesport, muusika, vabatahtlik riigikaitse<\/p>\n<p><strong>Seos jahindusega: <\/strong>kohaliku jahimehe pajatatud jahilugudest alguse saanud huvist jahinduse vastu on t\u00e4naseks saanud kirg<\/p>\n<p>Jahitunnistus alates 2014, relvaluba alates 2014.<\/p>\n<p>P\u00e4rnumaa Jahimeeste Liidu Oraj\u00f5e Jahiseltsi liige al. 2014<\/p>\n<p>MT\u00dc Eesti Jahinaised liige al. 2014, juhatuse liige al. sept 2015<\/p>\n<\/div>\n<div class=\"col-sm-3 \">\n<p><strong>Nimi:<\/strong> Tene M\u00e4erand<\/p>\n<p><strong>Haridus:<\/strong> k\u00f5rgharidus<\/p>\n<p>Les Roches Marbella International School of Hotel Management: BBA (\u00e4rijuhtimise bakalaureuse kraad).<\/p>\n<p><strong>Keeled:<\/strong> eesti, inglise, hispaania<\/p>\n<p><strong>Hobid:<\/strong> jahindus, reisimine, fotograafia, lugemine<\/p>\n<p><strong>Seos jahindusega:<\/strong> Jahi pisiku sain oma isalt, kes mind juba v\u00e4ikese t\u00fcdrukuna jahile kaasa v\u00f5ttis.<\/p>\n<p>Jahitunnistus alates 2013, relvaluba alates 2013.<br \/>\nMT\u00dc Eesti Jahinaised liige al. 2015, juhatuse liige al. aprill 2016<\/p>\n<\/div>\n<div class=\"col-sm-3 \">\n<p><strong>Nimi:<\/strong> Juulia J\u00fcrgens<\/p>\n<p><strong>Haridus:<\/strong> keskeriharidus<\/p>\n<p>Tallinna Majanduskool: Kvaliteedi ja keskkonnahaldus<br \/>\nVarasemalt \u00f5ppinud Slaavi filoloogiat Tallinna \u00dclikoolis<\/p>\n<p><strong>Keeled:<\/strong> eesti, vene, inglise<\/p>\n<p><strong>Hobid:<\/strong> jahindus, metsandus, tervisesport<\/p>\n<p><strong>Seos jahindusega:<\/strong> Olen jahindusega kokku puutunud juba \u00fcle 20 aasta. Esimesed sammud jahinduse alal tegin isa k\u00e4ek\u00f5rval. Jaht ja metsandus on olnud minu igap\u00e4evaelu \u00fcks osa, millest praeguseks on v\u00e4lja kujunenud kirg ja hobi.<\/p>\n<p>Jahitunnistus alates 2013, relvaluba alates 2014.<\/p>\n<p>Tori-Sindi Jahiseltsi liige alates 2013<br \/>\nMT\u00dc Eesti Jahinaised liige al. 2015, juhatuse liige al. aprill 2016<\/p>\n<\/div>\n","protected":false},"excerpt":{"rendered":"","protected":false},"author":1,"featured_media":0,"parent":0,"menu_order":0,"comment_status":"closed","ping_status":"open","template":"","meta":{"_acf_changed":false,"ngg_post_thumbnail":0,"footnotes":""},"class_list":["post-2562","page","type-page","status-publish","hentry"],"acf":[],"yoast_head":"<!-- This site is optimized with the Yoast SEO plugin v26.9 - https:\/\/yoast.com\/product\/yoast-seo-wordpress\/ -->\n<title>Board - Jahinaised<\/title>\n<meta name=\"robots\" content=\"index, follow, max-snippet:-1, max-image-preview:large, max-video-preview:-1\" \/>\n<link rel=\"canonical\" href=\"https:\/\/eestijahinaised.ee\/en\/board\/\" \/>\n<meta property=\"og:locale\" content=\"en_US\" \/>\n<meta property=\"og:type\" content=\"article\" \/>\n<meta property=\"og:title\" content=\"Board - Jahinaised\" \/>\n<meta property=\"og:url\" content=\"https:\/\/eestijahinaised.ee\/en\/board\/\" \/>\n<meta property=\"og:site_name\" content=\"Jahinaised\" \/>\n<meta property=\"article:publisher\" content=\"https:\/\/www.facebook.com\/mtueestijahinaised\/\" \/>\n<meta property=\"article:modified_time\" content=\"2018-01-11T19:52:30+00:00\" \/>\n<meta name=\"twitter:card\" content=\"summary_large_image\" \/>\n<script type=\"application\/ld+json\" class=\"yoast-schema-graph\">{\"@context\":\"https:\/\/schema.org\",\"@graph\":[{\"@type\":\"WebPage\",\"@id\":\"https:\/\/eestijahinaised.ee\/en\/board\/\",\"url\":\"https:\/\/eestijahinaised.ee\/en\/board\/\",\"name\":\"Board - Jahinaised\",\"isPartOf\":{\"@id\":\"https:\/\/eestijahinaised.ee\/#website\"},\"datePublished\":\"2014-04-23T10:04:06+00:00\",\"dateModified\":\"2018-01-11T19:52:30+00:00\",\"breadcrumb\":{\"@id\":\"https:\/\/eestijahinaised.ee\/en\/board\/#breadcrumb\"},\"inLanguage\":\"en-US\",\"potentialAction\":[{\"@type\":\"ReadAction\",\"target\":[\"https:\/\/eestijahinaised.ee\/en\/board\/\"]}]},{\"@type\":\"BreadcrumbList\",\"@id\":\"https:\/\/eestijahinaised.ee\/en\/board\/#breadcrumb\",\"itemListElement\":[{\"@type\":\"ListItem\",\"position\":1,\"name\":\"Home\",\"item\":\"https:\/\/eestijahinaised.ee\/\"},{\"@type\":\"ListItem\",\"position\":2,\"name\":\"Board\"}]},{\"@type\":\"WebSite\",\"@id\":\"https:\/\/eestijahinaised.ee\/#website\",\"url\":\"https:\/\/eestijahinaised.ee\/\",\"name\":\"Jahinaised\",\"description\":\"\",\"potentialAction\":[{\"@type\":\"SearchAction\",\"target\":{\"@type\":\"EntryPoint\",\"urlTemplate\":\"https:\/\/eestijahinaised.ee\/?s={search_term_string}\"},\"query-input\":{\"@type\":\"PropertyValueSpecification\",\"valueRequired\":true,\"valueName\":\"search_term_string\"}}],\"inLanguage\":\"en-US\"}]}<\/script>\n<!-- \/ Yoast SEO plugin. -->","yoast_head_json":{"title":"Board - Jahinaised","robots":{"index":"index","follow":"follow","max-snippet":"max-snippet:-1","max-image-preview":"max-image-preview:large","max-video-preview":"max-video-preview:-1"},"canonical":"https:\/\/eestijahinaised.ee\/en\/board\/","og_locale":"en_US","og_type":"article","og_title":"Board - Jahinaised","og_url":"https:\/\/eestijahinaised.ee\/en\/board\/","og_site_name":"Jahinaised","article_publisher":"https:\/\/www.facebook.com\/mtueestijahinaised\/","article_modified_time":"2018-01-11T19:52:30+00:00","twitter_card":"summary_large_image","schema":{"@context":"https:\/\/schema.org","@graph":[{"@type":"WebPage","@id":"https:\/\/eestijahinaised.ee\/en\/board\/","url":"https:\/\/eestijahinaised.ee\/en\/board\/","name":"Board - Jahinaised","isPartOf":{"@id":"https:\/\/eestijahinaised.ee\/#website"},"datePublished":"2014-04-23T10:04:06+00:00","dateModified":"2018-01-11T19:52:30+00:00","breadcrumb":{"@id":"https:\/\/eestijahinaised.ee\/en\/board\/#breadcrumb"},"inLanguage":"en-US","potentialAction":[{"@type":"ReadAction","target":["https:\/\/eestijahinaised.ee\/en\/board\/"]}]},{"@type":"BreadcrumbList","@id":"https:\/\/eestijahinaised.ee\/en\/board\/#breadcrumb","itemListElement":[{"@type":"ListItem","position":1,"name":"Home","item":"https:\/\/eestijahinaised.ee\/"},{"@type":"ListItem","position":2,"name":"Board"}]},{"@type":"WebSite","@id":"https:\/\/eestijahinaised.ee\/#website","url":"https:\/\/eestijahinaised.ee\/","name":"Jahinaised","description":"","potentialAction":[{"@type":"SearchAction","target":{"@type":"EntryPoint","urlTemplate":"https:\/\/eestijahinaised.ee\/?s={search_term_string}"},"query-input":{"@type":"PropertyValueSpecification","valueRequired":true,"valueName":"search_term_string"}}],"inLanguage":"en-US"}]}},"_links":{"self":[{"href":"https:\/\/eestijahinaised.ee\/en\/wp-json\/wp\/v2\/pages\/2562","targetHints":{"allow":["GET"]}}],"collection":[{"href":"https:\/\/eestijahinaised.ee\/en\/wp-json\/wp\/v2\/pages"}],"about":[{"href":"https:\/\/eestijahinaised.ee\/en\/wp-json\/wp\/v2\/types\/page"}],"author":[{"embeddable":true,"href":"https:\/\/eestijahinaised.ee\/en\/wp-json\/wp\/v2\/users\/1"}],"replies":[{"embeddable":true,"href":"https:\/\/eestijahinaised.ee\/en\/wp-json\/wp\/v2\/comments?post=2562"}],"version-history":[{"count":4,"href":"https:\/\/eestijahinaised.ee\/en\/wp-json\/wp\/v2\/pages\/2562\/revisions"}],"predecessor-version":[{"id":2992,"href":"https:\/\/eestijahinaised.ee\/en\/wp-json\/wp\/v2\/pages\/2562\/revisions\/2992"}],"wp:attachment":[{"href":"https:\/\/eestijahinaised.ee\/en\/wp-json\/wp\/v2\/media?parent=2562"}],"curies":[{"name":"wp","href":"https:\/\/api.w.org\/{rel}","templated":true}]}}