{"id":2560,"date":"2014-06-04T22:08:55","date_gmt":"2014-06-04T19:08:55","guid":{"rendered":"https:\/\/eestijahinaised.ee\/en\/jahinaised-rahvusvahelistes-organisatsioonides\/"},"modified":"2016-12-07T13:28:31","modified_gmt":"2016-12-07T11:28:31","slug":"women-hunters-in-international-organizations","status":"publish","type":"page","link":"https:\/\/eestijahinaised.ee\/en\/women-hunters-in-international-organizations\/","title":{"rendered":"Women hunters in international organizations"},"content":{"rendered":"<div class=\"row \">\n<div class=\"col-sm-6\">\nAlates jaanuarist 2014 tegutseb Eestis mittetulundus\u00fching Eesti Jahinaised, kes koondab oma ridadesse \u00fchiste huvidega jahinaisi ning teeb koost\u00f6\u00f6d organisatsioonide \/ \u00fchingutega, kelle tegevus seondub keskkonna- ja looduskaitsega.<\/p>\n<p>Jahinaiste osakaal Euroopas kasvab pidevalt, seda on m\u00e4rkinud Euroopa jahimehi \u00fchendav organisatsioon Face okt 2013.<\/p>\n<h4>RAHVUSVAHELISED JAHINDUSORGANISATSIOONID<\/h4>\n<p><strong>CIC<\/strong> (Conseil International de la Chasse et de la Conservation du Giber, vabas t\u00f5lkes \u00dclemaailmne Jahinduse (ulukite) ja Loodus (metsa) elu kaitse Organisatsioon, <a title=\"CIC\" href=\"http:\/\/www.cic-wildlife.org\" target=\"_blank\">http:\/\/www.cic-wildlife.org<\/a>). Eesti on CIC liige 1992. a.<\/p>\n<p><strong>FACE<\/strong> (Federation of Associations for Hunting and Conservation of the EU, <a title=\"FACE\" href=\"http:\/\/www.face.eu\" target=\"_blank\">http:\/\/www.face.eu<\/a>), Euroopa Liidu jahindusorganisatsioone \u00fchendava assotsatsiooni liige aastast 1999. FACE on organisatsioon, mille t\u00f6\u00f6\u00fclesanded on seotud avalike suhetega, jahindusalase seadlusandlusega EL parlamendis.<br \/>\n<\/div>\n<div class=\"col-sm-6\">\n\n<table class=\"table table-bordered\">\n<thead>\n<tr>\n<th>Riik<\/th>\n<th>Naiste osakaal meestest (%)<\/th>\n<th>Andmete aeg<\/th>\n<\/tr>\n<\/thead>\n<tbody>\n<tr>\n<td>Austria<\/td>\n<td>7,5<\/td>\n<td>2013<\/td>\n<\/tr>\n<tr>\n<td>Belgia<\/td>\n<td>1<\/td>\n<td>2001<\/td>\n<\/tr>\n<tr>\n<td>Bulgaaria<\/td>\n<td>1,3<\/td>\n<td>2013<\/td>\n<\/tr>\n<tr>\n<td>Horvaatia<\/td>\n<td>0,6<\/td>\n<td>2013<\/td>\n<\/tr>\n<tr>\n<td>Taani<\/td>\n<td>5,7<\/td>\n<td>2013<\/td>\n<\/tr>\n<tr>\n<td>Eesti<\/td>\n<td>1,34<\/td>\n<td>2013<\/td>\n<\/tr>\n<\/tbody>\n<\/table>\n<p>Allikas: <a title=\"FACE\" href=\"http:\/\/www.face.eu\" target=\"_blank\">FACE<\/a><br \/>\n\n<\/div>\n<\/div>\n","protected":false},"excerpt":{"rendered":"","protected":false},"author":1,"featured_media":0,"parent":0,"menu_order":0,"comment_status":"closed","ping_status":"closed","template":"","meta":{"_acf_changed":false,"ngg_post_thumbnail":0,"footnotes":""},"class_list":["post-2560","page","type-page","status-publish","hentry"],"acf":[],"yoast_head":"<!-- This site is optimized with the Yoast SEO plugin v26.9 - https:\/\/yoast.com\/product\/yoast-seo-wordpress\/ -->\n<title>Women hunters in international organizations - Jahinaised<\/title>\n<meta name=\"robots\" content=\"index, follow, max-snippet:-1, max-image-preview:large, max-video-preview:-1\" \/>\n<link rel=\"canonical\" href=\"https:\/\/eestijahinaised.ee\/en\/women-hunters-in-international-organizations\/\" \/>\n<meta property=\"og:locale\" content=\"en_US\" \/>\n<meta property=\"og:type\" content=\"article\" \/>\n<meta property=\"og:title\" content=\"Women hunters in international organizations - Jahinaised\" \/>\n<meta property=\"og:url\" content=\"https:\/\/eestijahinaised.ee\/en\/women-hunters-in-international-organizations\/\" \/>\n<meta property=\"og:site_name\" content=\"Jahinaised\" \/>\n<meta property=\"article:publisher\" content=\"https:\/\/www.facebook.com\/mtueestijahinaised\/\" \/>\n<meta property=\"article:modified_time\" content=\"2016-12-07T11:28:31+00:00\" \/>\n<meta name=\"twitter:card\" content=\"summary_large_image\" \/>\n<script type=\"application\/ld+json\" class=\"yoast-schema-graph\">{\"@context\":\"https:\/\/schema.org\",\"@graph\":[{\"@type\":\"WebPage\",\"@id\":\"https:\/\/eestijahinaised.ee\/en\/women-hunters-in-international-organizations\/\",\"url\":\"https:\/\/eestijahinaised.ee\/en\/women-hunters-in-international-organizations\/\",\"name\":\"Women hunters in international organizations - Jahinaised\",\"isPartOf\":{\"@id\":\"https:\/\/eestijahinaised.ee\/#website\"},\"datePublished\":\"2014-06-04T19:08:55+00:00\",\"dateModified\":\"2016-12-07T11:28:31+00:00\",\"breadcrumb\":{\"@id\":\"https:\/\/eestijahinaised.ee\/en\/women-hunters-in-international-organizations\/#breadcrumb\"},\"inLanguage\":\"en-US\",\"potentialAction\":[{\"@type\":\"ReadAction\",\"target\":[\"https:\/\/eestijahinaised.ee\/en\/women-hunters-in-international-organizations\/\"]}]},{\"@type\":\"BreadcrumbList\",\"@id\":\"https:\/\/eestijahinaised.ee\/en\/women-hunters-in-international-organizations\/#breadcrumb\",\"itemListElement\":[{\"@type\":\"ListItem\",\"position\":1,\"name\":\"Home\",\"item\":\"https:\/\/eestijahinaised.ee\/\"},{\"@type\":\"ListItem\",\"position\":2,\"name\":\"Women hunters in international organizations\"}]},{\"@type\":\"WebSite\",\"@id\":\"https:\/\/eestijahinaised.ee\/#website\",\"url\":\"https:\/\/eestijahinaised.ee\/\",\"name\":\"Jahinaised\",\"description\":\"\",\"potentialAction\":[{\"@type\":\"SearchAction\",\"target\":{\"@type\":\"EntryPoint\",\"urlTemplate\":\"https:\/\/eestijahinaised.ee\/?s={search_term_string}\"},\"query-input\":{\"@type\":\"PropertyValueSpecification\",\"valueRequired\":true,\"valueName\":\"search_term_string\"}}],\"inLanguage\":\"en-US\"}]}<\/script>\n<!-- \/ Yoast SEO plugin. -->","yoast_head_json":{"title":"Women hunters in international organizations - Jahinaised","robots":{"index":"index","follow":"follow","max-snippet":"max-snippet:-1","max-image-preview":"max-image-preview:large","max-video-preview":"max-video-preview:-1"},"canonical":"https:\/\/eestijahinaised.ee\/en\/women-hunters-in-international-organizations\/","og_locale":"en_US","og_type":"article","og_title":"Women hunters in international organizations - Jahinaised","og_url":"https:\/\/eestijahinaised.ee\/en\/women-hunters-in-international-organizations\/","og_site_name":"Jahinaised","article_publisher":"https:\/\/www.facebook.com\/mtueestijahinaised\/","article_modified_time":"2016-12-07T11:28:31+00:00","twitter_card":"summary_large_image","schema":{"@context":"https:\/\/schema.org","@graph":[{"@type":"WebPage","@id":"https:\/\/eestijahinaised.ee\/en\/women-hunters-in-international-organizations\/","url":"https:\/\/eestijahinaised.ee\/en\/women-hunters-in-international-organizations\/","name":"Women hunters in international organizations - Jahinaised","isPartOf":{"@id":"https:\/\/eestijahinaised.ee\/#website"},"datePublished":"2014-06-04T19:08:55+00:00","dateModified":"2016-12-07T11:28:31+00:00","breadcrumb":{"@id":"https:\/\/eestijahinaised.ee\/en\/women-hunters-in-international-organizations\/#breadcrumb"},"inLanguage":"en-US","potentialAction":[{"@type":"ReadAction","target":["https:\/\/eestijahinaised.ee\/en\/women-hunters-in-international-organizations\/"]}]},{"@type":"BreadcrumbList","@id":"https:\/\/eestijahinaised.ee\/en\/women-hunters-in-international-organizations\/#breadcrumb","itemListElement":[{"@type":"ListItem","position":1,"name":"Home","item":"https:\/\/eestijahinaised.ee\/"},{"@type":"ListItem","position":2,"name":"Women hunters in international organizations"}]},{"@type":"WebSite","@id":"https:\/\/eestijahinaised.ee\/#website","url":"https:\/\/eestijahinaised.ee\/","name":"Jahinaised","description":"","potentialAction":[{"@type":"SearchAction","target":{"@type":"EntryPoint","urlTemplate":"https:\/\/eestijahinaised.ee\/?s={search_term_string}"},"query-input":{"@type":"PropertyValueSpecification","valueRequired":true,"valueName":"search_term_string"}}],"inLanguage":"en-US"}]}},"_links":{"self":[{"href":"https:\/\/eestijahinaised.ee\/en\/wp-json\/wp\/v2\/pages\/2560","targetHints":{"allow":["GET"]}}],"collection":[{"href":"https:\/\/eestijahinaised.ee\/en\/wp-json\/wp\/v2\/pages"}],"about":[{"href":"https:\/\/eestijahinaised.ee\/en\/wp-json\/wp\/v2\/types\/page"}],"author":[{"embeddable":true,"href":"https:\/\/eestijahinaised.ee\/en\/wp-json\/wp\/v2\/users\/1"}],"replies":[{"embeddable":true,"href":"https:\/\/eestijahinaised.ee\/en\/wp-json\/wp\/v2\/comments?post=2560"}],"version-history":[{"count":1,"href":"https:\/\/eestijahinaised.ee\/en\/wp-json\/wp\/v2\/pages\/2560\/revisions"}],"predecessor-version":[{"id":2561,"href":"https:\/\/eestijahinaised.ee\/en\/wp-json\/wp\/v2\/pages\/2560\/revisions\/2561"}],"wp:attachment":[{"href":"https:\/\/eestijahinaised.ee\/en\/wp-json\/wp\/v2\/media?parent=2560"}],"curies":[{"name":"wp","href":"https:\/\/api.w.org\/{rel}","templated":true}]}}