{"id":2554,"date":"2014-04-16T15:25:51","date_gmt":"2014-04-16T12:25:51","guid":{"rendered":"https:\/\/eestijahinaised.ee\/en\/liikmeks-astumise-vorm-ja-tingimused\/"},"modified":"2018-11-09T10:13:08","modified_gmt":"2018-11-09T08:13:08","slug":"how-to-become-a-member","status":"publish","type":"page","link":"https:\/\/eestijahinaised.ee\/en\/how-to-become-a-member\/","title":{"rendered":"How to become a member"},"content":{"rendered":"<div class=\"row \">\n<div class=\"col-sm-3\">\n\n<div class=\"wpcf7 no-js\" id=\"wpcf7-f1444-o1\" lang=\"et\" dir=\"ltr\" data-wpcf7-id=\"1444\">\n<div class=\"screen-reader-response\"><p role=\"status\" aria-live=\"polite\" aria-atomic=\"true\"><\/p> <ul><\/ul><\/div>\n<form action=\"\/en\/wp-json\/wp\/v2\/pages\/2554#wpcf7-f1444-o1\" method=\"post\" class=\"wpcf7-form init\" aria-label=\"Contact form\" novalidate=\"novalidate\" data-status=\"init\">\n<fieldset class=\"hidden-fields-container\"><input type=\"hidden\" name=\"_wpcf7\" value=\"1444\" \/><input type=\"hidden\" name=\"_wpcf7_version\" value=\"6.1.4\" \/><input type=\"hidden\" name=\"_wpcf7_locale\" value=\"et\" \/><input type=\"hidden\" name=\"_wpcf7_unit_tag\" value=\"wpcf7-f1444-o1\" \/><input type=\"hidden\" name=\"_wpcf7_container_post\" value=\"0\" \/><input type=\"hidden\" name=\"_wpcf7_posted_data_hash\" value=\"\" \/>\n<\/fieldset>\n<p>Eesnimi *\n<\/p>\n<p><span class=\"wpcf7-form-control-wrap\" data-name=\"eesnimi\"><input size=\"40\" maxlength=\"400\" class=\"wpcf7-form-control wpcf7-text wpcf7-validates-as-required\" aria-required=\"true\" aria-invalid=\"false\" value=\"\" type=\"text\" name=\"eesnimi\" \/><\/span>\n<\/p>\n<p>Perekonnanimi *\n<\/p>\n<p><span class=\"wpcf7-form-control-wrap\" data-name=\"perenimi\"><input size=\"40\" maxlength=\"400\" class=\"wpcf7-form-control wpcf7-text wpcf7-validates-as-required\" aria-required=\"true\" aria-invalid=\"false\" value=\"\" type=\"text\" name=\"perenimi\" \/><\/span>\n<\/p>\n<p>Isikukood *\n<\/p>\n<p><span class=\"wpcf7-form-control-wrap\" data-name=\"isikukood\"><input size=\"40\" maxlength=\"400\" class=\"wpcf7-form-control wpcf7-text wpcf7-validates-as-required\" aria-required=\"true\" aria-invalid=\"false\" value=\"\" type=\"text\" name=\"isikukood\" \/><\/span>\n<\/p>\n<p>Kodujahiselts\n<\/p>\n<p><span class=\"wpcf7-form-control-wrap\" data-name=\"kodujahiselts\"><input size=\"40\" maxlength=\"400\" class=\"wpcf7-form-control wpcf7-text\" aria-invalid=\"false\" value=\"\" type=\"text\" name=\"kodujahiselts\" \/><\/span>\n<\/p>\n<p>E-posti aadress *\n<\/p>\n<p><span class=\"wpcf7-form-control-wrap\" data-name=\"epost\"><input size=\"40\" maxlength=\"400\" class=\"wpcf7-form-control wpcf7-email wpcf7-validates-as-required wpcf7-text wpcf7-validates-as-email\" aria-required=\"true\" aria-invalid=\"false\" value=\"\" type=\"email\" name=\"epost\" \/><\/span>\n<\/p>\n<p>Telefoninumber *\n<\/p>\n<p><span class=\"wpcf7-form-control-wrap\" data-name=\"telefon\"><input size=\"40\" maxlength=\"400\" class=\"wpcf7-form-control wpcf7-tel wpcf7-validates-as-required wpcf7-text wpcf7-validates-as-tel\" aria-required=\"true\" aria-invalid=\"false\" value=\"\" type=\"tel\" name=\"telefon\" \/><\/span>\n<\/p>\n<p>Elukoha aadress *\n<\/p>\n<p><span class=\"wpcf7-form-control-wrap\" data-name=\"aadress\"><input size=\"40\" maxlength=\"400\" class=\"wpcf7-form-control wpcf7-text wpcf7-validates-as-required\" aria-required=\"true\" aria-invalid=\"false\" value=\"\" type=\"text\" name=\"aadress\" \/><\/span>\n<\/p>\n<p>Amet, t\u00f6\u00f6koht\n<\/p>\n<p><span class=\"wpcf7-form-control-wrap\" data-name=\"amet\"><input size=\"40\" maxlength=\"400\" class=\"wpcf7-form-control wpcf7-text\" aria-invalid=\"false\" value=\"\" type=\"text\" name=\"amet\" \/><\/span>\n<\/p>\n<p><span class=\"wpcf7-form-control-wrap\" data-name=\"aktsepteerin\"><span class=\"wpcf7-form-control wpcf7-acceptance\"><span class=\"wpcf7-list-item\"><input type=\"checkbox\" name=\"aktsepteerin\" value=\"1\" aria-invalid=\"false\" \/><\/span><\/span><\/span> Olen tingimistega n\u00f5us\n<\/p>\n<p><input class=\"wpcf7-form-control wpcf7-submit has-spinner\" type=\"submit\" value=\"Saada avaldus\" \/>\n<\/p><div class=\"wpcf7-response-output\" aria-hidden=\"true\"><\/div>\n<\/form>\n<\/div>\n\n<\/div>\n<div class=\"col-sm-9\">\n<p>III LIIKMEKS VASTUV\u00d5TMINE, V\u00c4LJAASTUMINE JA V\u00c4LJAARVAMINE<\/p>\n<p>3.1 \u00dchingu liikmeks v\u00f5ib olla iga punktis 1.4 nimetatud f\u00fc\u00fcsiline v\u00f5i juriidiline isik, kes on valmis kaasa l\u00f6\u00f6ma \u00dchingu eesm\u00e4rkide elluviimisel ning aktsepteerib p\u00f5hikirjalisi eesm\u00e4rke ja t\u00e4idab p\u00f5hikirja n\u00f5udeid.<\/p>\n<p>3.2 Liikmeks vastuv\u00f5tmist ja v\u00e4ljaarvamist korraldab \u00dchingu juhatus.<\/p>\n<p>3.3 \u00dchingu liikmeks saada sooviv f\u00fc\u00fcsiline isik esitab \u00dchingu juhatusele kirjaliku avalduse.<\/p>\n<p>Juriidiline isik peab esitama lisaks avaldusele ka B-kaardi v\u00e4ljav\u00f5tte, milles loetletud tegevusalad peavad sobima \u00dchingu p\u00f5hikirjaliste tegevuste ja eesm\u00e4rkidega.<\/p>\n<p>3.4 Juhatus v\u00f5ib teatud tingimustel teha vastuv\u00f5tmise korra n\u00f5uetes erandeid, kui olukord seda n\u00f5uab ja v\u00f5imaldab. Iga isiku puhul tehakse sellisel juhul personaalne otsus, mis kehtib ainult k\u00f5nealuse isiku suhtes.<\/p>\n<p>3.5 \u00dchingu liikmeks v\u00f5etakse vastu ainult juhatuse enamh\u00e4\u00e4lse poolt otsusega juhatuse koosolekul.<\/p>\n<p>3.6 \u00dchingu liikmed on kohustatud:<\/p>\n<p>3.6.1 t\u00e4itma Eesti Vabariigis kehtivaid jahipidamiseeskirju, k\u00e4esoleva p\u00f5hikirja ja kodukorra<\/p>\n<p>n\u00f5udeid, samuti \u00dchingu juhtimis- ja kontrollorganite otsuseid, j\u00e4rgima h\u00e4id k\u00e4itumistavasid, loodust s\u00e4\u00e4stvat m\u00f5tteviisi ja jahieetikat;<\/p>\n<p>3.6.2 tasuma jooksva aasta kehtestatud liikmemaksu 10 p\u00e4eva jooksul peale liikmeks vastuv\u00f5tmise otsuse teadasaamist (e-posti teel). Aastane liikmemaks on 30 \u20ac.<\/p>\n<p>3.7 Igal \u00dchingu liikmel on \u00f5igus \u00dchingust v\u00e4lja astuda, esitades selleks \u00dchingu juhatusele kirjalik avaldus.<\/p>\n<p>3.8 \u00dchingu liige v\u00f5idakse \u00dchingust juhatuse otsuse alusel v\u00e4lja arvata, sealjuures on liikme \u00dchingust v\u00e4ljaarvamiseks vajalik juhatuse \u00fcheh\u00e4\u00e4lne n\u00f5usolek.<\/p>\n<p>3.9 Juhatuse otsus liikme v\u00e4ljaarvamise kohta \u00dchingust on l\u00f5plik ega kuulu edasisele arutamisele\/vaidlustamisele.<\/p>\n<p>&nbsp;<\/p>\n<\/div>\n<\/div>\n","protected":false},"excerpt":{"rendered":"","protected":false},"author":1,"featured_media":0,"parent":0,"menu_order":0,"comment_status":"closed","ping_status":"open","template":"","meta":{"_acf_changed":false,"ngg_post_thumbnail":0,"footnotes":""},"class_list":["post-2554","page","type-page","status-publish","hentry"],"acf":[],"yoast_head":"<!-- This site is optimized with the Yoast SEO plugin v26.9 - https:\/\/yoast.com\/product\/yoast-seo-wordpress\/ -->\n<title>How to become a member - Jahinaised<\/title>\n<meta name=\"robots\" content=\"index, follow, max-snippet:-1, max-image-preview:large, max-video-preview:-1\" \/>\n<link rel=\"canonical\" href=\"https:\/\/eestijahinaised.ee\/en\/how-to-become-a-member\/\" \/>\n<meta property=\"og:locale\" content=\"en_US\" \/>\n<meta property=\"og:type\" content=\"article\" \/>\n<meta property=\"og:title\" content=\"How to become a member - Jahinaised\" \/>\n<meta property=\"og:url\" content=\"https:\/\/eestijahinaised.ee\/en\/how-to-become-a-member\/\" \/>\n<meta property=\"og:site_name\" content=\"Jahinaised\" \/>\n<meta property=\"article:publisher\" content=\"https:\/\/www.facebook.com\/mtueestijahinaised\/\" \/>\n<meta property=\"article:modified_time\" content=\"2018-11-09T08:13:08+00:00\" \/>\n<meta name=\"twitter:card\" content=\"summary_large_image\" \/>\n<script type=\"application\/ld+json\" class=\"yoast-schema-graph\">{\"@context\":\"https:\/\/schema.org\",\"@graph\":[{\"@type\":\"WebPage\",\"@id\":\"https:\/\/eestijahinaised.ee\/en\/how-to-become-a-member\/\",\"url\":\"https:\/\/eestijahinaised.ee\/en\/how-to-become-a-member\/\",\"name\":\"How to become a member - Jahinaised\",\"isPartOf\":{\"@id\":\"https:\/\/eestijahinaised.ee\/#website\"},\"datePublished\":\"2014-04-16T12:25:51+00:00\",\"dateModified\":\"2018-11-09T08:13:08+00:00\",\"breadcrumb\":{\"@id\":\"https:\/\/eestijahinaised.ee\/en\/how-to-become-a-member\/#breadcrumb\"},\"inLanguage\":\"en-US\",\"potentialAction\":[{\"@type\":\"ReadAction\",\"target\":[\"https:\/\/eestijahinaised.ee\/en\/how-to-become-a-member\/\"]}]},{\"@type\":\"BreadcrumbList\",\"@id\":\"https:\/\/eestijahinaised.ee\/en\/how-to-become-a-member\/#breadcrumb\",\"itemListElement\":[{\"@type\":\"ListItem\",\"position\":1,\"name\":\"Home\",\"item\":\"https:\/\/eestijahinaised.ee\/\"},{\"@type\":\"ListItem\",\"position\":2,\"name\":\"How to become a member\"}]},{\"@type\":\"WebSite\",\"@id\":\"https:\/\/eestijahinaised.ee\/#website\",\"url\":\"https:\/\/eestijahinaised.ee\/\",\"name\":\"Jahinaised\",\"description\":\"\",\"potentialAction\":[{\"@type\":\"SearchAction\",\"target\":{\"@type\":\"EntryPoint\",\"urlTemplate\":\"https:\/\/eestijahinaised.ee\/?s={search_term_string}\"},\"query-input\":{\"@type\":\"PropertyValueSpecification\",\"valueRequired\":true,\"valueName\":\"search_term_string\"}}],\"inLanguage\":\"en-US\"}]}<\/script>\n<!-- \/ Yoast SEO plugin. -->","yoast_head_json":{"title":"How to become a member - Jahinaised","robots":{"index":"index","follow":"follow","max-snippet":"max-snippet:-1","max-image-preview":"max-image-preview:large","max-video-preview":"max-video-preview:-1"},"canonical":"https:\/\/eestijahinaised.ee\/en\/how-to-become-a-member\/","og_locale":"en_US","og_type":"article","og_title":"How to become a member - Jahinaised","og_url":"https:\/\/eestijahinaised.ee\/en\/how-to-become-a-member\/","og_site_name":"Jahinaised","article_publisher":"https:\/\/www.facebook.com\/mtueestijahinaised\/","article_modified_time":"2018-11-09T08:13:08+00:00","twitter_card":"summary_large_image","schema":{"@context":"https:\/\/schema.org","@graph":[{"@type":"WebPage","@id":"https:\/\/eestijahinaised.ee\/en\/how-to-become-a-member\/","url":"https:\/\/eestijahinaised.ee\/en\/how-to-become-a-member\/","name":"How to become a member - Jahinaised","isPartOf":{"@id":"https:\/\/eestijahinaised.ee\/#website"},"datePublished":"2014-04-16T12:25:51+00:00","dateModified":"2018-11-09T08:13:08+00:00","breadcrumb":{"@id":"https:\/\/eestijahinaised.ee\/en\/how-to-become-a-member\/#breadcrumb"},"inLanguage":"en-US","potentialAction":[{"@type":"ReadAction","target":["https:\/\/eestijahinaised.ee\/en\/how-to-become-a-member\/"]}]},{"@type":"BreadcrumbList","@id":"https:\/\/eestijahinaised.ee\/en\/how-to-become-a-member\/#breadcrumb","itemListElement":[{"@type":"ListItem","position":1,"name":"Home","item":"https:\/\/eestijahinaised.ee\/"},{"@type":"ListItem","position":2,"name":"How to become a member"}]},{"@type":"WebSite","@id":"https:\/\/eestijahinaised.ee\/#website","url":"https:\/\/eestijahinaised.ee\/","name":"Jahinaised","description":"","potentialAction":[{"@type":"SearchAction","target":{"@type":"EntryPoint","urlTemplate":"https:\/\/eestijahinaised.ee\/?s={search_term_string}"},"query-input":{"@type":"PropertyValueSpecification","valueRequired":true,"valueName":"search_term_string"}}],"inLanguage":"en-US"}]}},"_links":{"self":[{"href":"https:\/\/eestijahinaised.ee\/en\/wp-json\/wp\/v2\/pages\/2554","targetHints":{"allow":["GET"]}}],"collection":[{"href":"https:\/\/eestijahinaised.ee\/en\/wp-json\/wp\/v2\/pages"}],"about":[{"href":"https:\/\/eestijahinaised.ee\/en\/wp-json\/wp\/v2\/types\/page"}],"author":[{"embeddable":true,"href":"https:\/\/eestijahinaised.ee\/en\/wp-json\/wp\/v2\/users\/1"}],"replies":[{"embeddable":true,"href":"https:\/\/eestijahinaised.ee\/en\/wp-json\/wp\/v2\/comments?post=2554"}],"version-history":[{"count":4,"href":"https:\/\/eestijahinaised.ee\/en\/wp-json\/wp\/v2\/pages\/2554\/revisions"}],"predecessor-version":[{"id":3229,"href":"https:\/\/eestijahinaised.ee\/en\/wp-json\/wp\/v2\/pages\/2554\/revisions\/3229"}],"wp:attachment":[{"href":"https:\/\/eestijahinaised.ee\/en\/wp-json\/wp\/v2\/media?parent=2554"}],"curies":[{"name":"wp","href":"https:\/\/api.w.org\/{rel}","templated":true}]}}