{"id":2552,"date":"2014-04-23T13:03:27","date_gmt":"2014-04-23T10:03:27","guid":{"rendered":"https:\/\/eestijahinaised.ee\/en\/ajalugu\/"},"modified":"2017-03-21T20:03:00","modified_gmt":"2017-03-21T18:03:00","slug":"history","status":"publish","type":"page","link":"https:\/\/eestijahinaised.ee\/en\/history\/","title":{"rendered":"History"},"content":{"rendered":"<p>Non-profit organization Estonian Women Hunters was created in January 2014. This gave the legal form and basis for the women hunters movement and activities. The aim of the association is hunting and everything associated with it, including  the preservation of the nature and environmentally friendly way of thinking and as well as raising the level of skills and awareness through various trainings, information days and events.<br \/>\nThere are 340 women hunters in Estonia (data from September 2015), and just over 17 000 hunters. Among women a certain group has developed, which grows year by year, of women who are always participating  in hunting or hunting events and always ask after the event when the next event will be.<br \/>\nThere are active women from all over Estonia with different age and experience groups.<\/p>\n<p><strong>CHRONOLOGY:<\/strong><\/p>\n<p>&#8211; In April 2009 Saaremaa hunters came to Rakvere, where the Estonian Hunters&#8217; Society commissioners meeting was held. During the evening there was a discussion in a smaller group, that recently more and more women are starting to participate in the training course to become young hunters and that they should be recognized somehow. Chairman of the  Muhu Hunters society Mr. Heinart Laanev\u00e4li had an idea that they should organize a proper hunt for women, but it just stayed as an idea.<br \/>\n&#8211; In the spring of 2010 the topic was brought  up again by Laimjala  Hunters society member  Mr. Vilmar Rei, who found that it is the time now to do the hunt for women!<br \/>\nLater, it has been discussed hundreds of times, to whom the historical right of the event remains &#8211; to Muhu or to Laimjala. In summary, one can say that the idea kicked off from Heinart Laanev\u00e4li and the implementation came from  Laimjala.<\/p>\n<p>&#8211; 2010, history was made. The first so-called women&#8217;s hunting  event took place. Just as originally envisioned in your mind mostly women standing  against in the bout, in the dash (i.e. in the forest), men and dogs. The hunting was held in both places in Muhu and in Laimjala. Head hunters  and the leaders of the event were women, from Muhu Ms. Hegne Lump, and from Laimjala Ms. Merit Kindsigo.<\/p>\n<p>&#8211; Now the women\u2019s hunting event has become a common practice and a nice tradition. So far, the event has taken place in Saaremaal, Muhus, Hiiumaal, P\u00f5lvamaal, L\u00e4\u00e4nemaal and P\u00f5ltsamaal.<\/p>\n<p>&#8211; In January 2014 Non-profit organization Estonian Women Hunters was created including three members of the Board: Ms. Hegne Lump, Ms. Maria P\u00f5hako and Ms. K\u00fclliki Kiiver.<\/p>\n<p>&#8211;  In 2016 the board of non-profit organization Estonian Women Hunters increased in number. Today there are 4 board members: Ms. Maria P\u00f5hako, Ms. K\u00fclliki Kiiver, Ms. Juulia J\u00fcrgens and Ms. Tene M\u00e4erand<\/p>\n","protected":false},"excerpt":{"rendered":"<p>Non-profit organization Estonian Women Hunters was created in January 2014. This gave the legal form and basis for the women hunters movement and activities. The aim of the association is hunting and everything associated with it, including the preservation of the nature and environmentally friendly way of thinking and as well as raising the level<\/p>\n","protected":false},"author":1,"featured_media":0,"parent":0,"menu_order":0,"comment_status":"closed","ping_status":"open","template":"","meta":{"_acf_changed":false,"ngg_post_thumbnail":0,"footnotes":""},"class_list":["post-2552","page","type-page","status-publish","hentry"],"acf":[],"yoast_head":"<!-- This site is optimized with the Yoast SEO plugin v26.9 - https:\/\/yoast.com\/product\/yoast-seo-wordpress\/ -->\n<title>History - Jahinaised<\/title>\n<meta name=\"robots\" content=\"index, follow, max-snippet:-1, max-image-preview:large, max-video-preview:-1\" \/>\n<link rel=\"canonical\" href=\"https:\/\/eestijahinaised.ee\/en\/history\/\" \/>\n<meta property=\"og:locale\" content=\"en_US\" \/>\n<meta property=\"og:type\" content=\"article\" \/>\n<meta property=\"og:title\" content=\"History - Jahinaised\" \/>\n<meta property=\"og:description\" content=\"Non-profit organization Estonian Women Hunters was created in January 2014. This gave the legal form and basis for the women hunters movement and activities. The aim of the association is hunting and everything associated with it, including the preservation of the nature and environmentally friendly way of thinking and as well as raising the level\" \/>\n<meta property=\"og:url\" content=\"https:\/\/eestijahinaised.ee\/en\/history\/\" \/>\n<meta property=\"og:site_name\" content=\"Jahinaised\" \/>\n<meta property=\"article:publisher\" content=\"https:\/\/www.facebook.com\/mtueestijahinaised\/\" \/>\n<meta property=\"article:modified_time\" content=\"2017-03-21T18:03:00+00:00\" \/>\n<meta name=\"twitter:card\" content=\"summary_large_image\" \/>\n<script type=\"application\/ld+json\" class=\"yoast-schema-graph\">{\"@context\":\"https:\/\/schema.org\",\"@graph\":[{\"@type\":\"WebPage\",\"@id\":\"https:\/\/eestijahinaised.ee\/en\/history\/\",\"url\":\"https:\/\/eestijahinaised.ee\/en\/history\/\",\"name\":\"History - Jahinaised\",\"isPartOf\":{\"@id\":\"https:\/\/eestijahinaised.ee\/#website\"},\"datePublished\":\"2014-04-23T10:03:27+00:00\",\"dateModified\":\"2017-03-21T18:03:00+00:00\",\"breadcrumb\":{\"@id\":\"https:\/\/eestijahinaised.ee\/en\/history\/#breadcrumb\"},\"inLanguage\":\"en-US\",\"potentialAction\":[{\"@type\":\"ReadAction\",\"target\":[\"https:\/\/eestijahinaised.ee\/en\/history\/\"]}]},{\"@type\":\"BreadcrumbList\",\"@id\":\"https:\/\/eestijahinaised.ee\/en\/history\/#breadcrumb\",\"itemListElement\":[{\"@type\":\"ListItem\",\"position\":1,\"name\":\"Home\",\"item\":\"https:\/\/eestijahinaised.ee\/\"},{\"@type\":\"ListItem\",\"position\":2,\"name\":\"History\"}]},{\"@type\":\"WebSite\",\"@id\":\"https:\/\/eestijahinaised.ee\/#website\",\"url\":\"https:\/\/eestijahinaised.ee\/\",\"name\":\"Jahinaised\",\"description\":\"\",\"potentialAction\":[{\"@type\":\"SearchAction\",\"target\":{\"@type\":\"EntryPoint\",\"urlTemplate\":\"https:\/\/eestijahinaised.ee\/?s={search_term_string}\"},\"query-input\":{\"@type\":\"PropertyValueSpecification\",\"valueRequired\":true,\"valueName\":\"search_term_string\"}}],\"inLanguage\":\"en-US\"}]}<\/script>\n<!-- \/ Yoast SEO plugin. -->","yoast_head_json":{"title":"History - Jahinaised","robots":{"index":"index","follow":"follow","max-snippet":"max-snippet:-1","max-image-preview":"max-image-preview:large","max-video-preview":"max-video-preview:-1"},"canonical":"https:\/\/eestijahinaised.ee\/en\/history\/","og_locale":"en_US","og_type":"article","og_title":"History - Jahinaised","og_description":"Non-profit organization Estonian Women Hunters was created in January 2014. This gave the legal form and basis for the women hunters movement and activities. The aim of the association is hunting and everything associated with it, including the preservation of the nature and environmentally friendly way of thinking and as well as raising the level","og_url":"https:\/\/eestijahinaised.ee\/en\/history\/","og_site_name":"Jahinaised","article_publisher":"https:\/\/www.facebook.com\/mtueestijahinaised\/","article_modified_time":"2017-03-21T18:03:00+00:00","twitter_card":"summary_large_image","schema":{"@context":"https:\/\/schema.org","@graph":[{"@type":"WebPage","@id":"https:\/\/eestijahinaised.ee\/en\/history\/","url":"https:\/\/eestijahinaised.ee\/en\/history\/","name":"History - Jahinaised","isPartOf":{"@id":"https:\/\/eestijahinaised.ee\/#website"},"datePublished":"2014-04-23T10:03:27+00:00","dateModified":"2017-03-21T18:03:00+00:00","breadcrumb":{"@id":"https:\/\/eestijahinaised.ee\/en\/history\/#breadcrumb"},"inLanguage":"en-US","potentialAction":[{"@type":"ReadAction","target":["https:\/\/eestijahinaised.ee\/en\/history\/"]}]},{"@type":"BreadcrumbList","@id":"https:\/\/eestijahinaised.ee\/en\/history\/#breadcrumb","itemListElement":[{"@type":"ListItem","position":1,"name":"Home","item":"https:\/\/eestijahinaised.ee\/"},{"@type":"ListItem","position":2,"name":"History"}]},{"@type":"WebSite","@id":"https:\/\/eestijahinaised.ee\/#website","url":"https:\/\/eestijahinaised.ee\/","name":"Jahinaised","description":"","potentialAction":[{"@type":"SearchAction","target":{"@type":"EntryPoint","urlTemplate":"https:\/\/eestijahinaised.ee\/?s={search_term_string}"},"query-input":{"@type":"PropertyValueSpecification","valueRequired":true,"valueName":"search_term_string"}}],"inLanguage":"en-US"}]}},"_links":{"self":[{"href":"https:\/\/eestijahinaised.ee\/en\/wp-json\/wp\/v2\/pages\/2552","targetHints":{"allow":["GET"]}}],"collection":[{"href":"https:\/\/eestijahinaised.ee\/en\/wp-json\/wp\/v2\/pages"}],"about":[{"href":"https:\/\/eestijahinaised.ee\/en\/wp-json\/wp\/v2\/types\/page"}],"author":[{"embeddable":true,"href":"https:\/\/eestijahinaised.ee\/en\/wp-json\/wp\/v2\/users\/1"}],"replies":[{"embeddable":true,"href":"https:\/\/eestijahinaised.ee\/en\/wp-json\/wp\/v2\/comments?post=2552"}],"version-history":[{"count":5,"href":"https:\/\/eestijahinaised.ee\/en\/wp-json\/wp\/v2\/pages\/2552\/revisions"}],"predecessor-version":[{"id":2705,"href":"https:\/\/eestijahinaised.ee\/en\/wp-json\/wp\/v2\/pages\/2552\/revisions\/2705"}],"wp:attachment":[{"href":"https:\/\/eestijahinaised.ee\/en\/wp-json\/wp\/v2\/media?parent=2552"}],"curies":[{"name":"wp","href":"https:\/\/api.w.org\/{rel}","templated":true}]}}